{"id":399,"date":"2024-12-06T13:53:52","date_gmt":"2024-12-06T13:53:52","guid":{"rendered":"https:\/\/simelca.com.co\/?post_type=product&#038;p=399"},"modified":"2024-12-06T13:53:52","modified_gmt":"2024-12-06T13:53:52","slug":"chazo-supra-caiman-o-mariposa","status":"publish","type":"product","link":"https:\/\/simelca.com.co\/en\/product\/chazo-supra-caiman-o-mariposa\/","title":{"rendered":"Drywall fastener"},"content":{"rendered":"<p><span data-sheets-root=\"1\">Used in hollow masonry. Much more secure and fixed installations can be made thanks to a manual pressure system that allows the wings of the chasis to be joined together in order to insert them into a hole where it will expand again to create an anchor capable of supporting heavy elements.<br \/>\nMade of nylon.<\/span><\/p>","protected":false},"excerpt":{"rendered":"<p>Utilizado en mamposter\u00eda hueca. Se pueden realizar instalaciones mucho m\u00e1s fijas y seguras gracias a un sistema de presi\u00f3n manual que permite juntar las alas del chazo para introducirlas en un agujero donde se expandir\u00e1 de nuevo para crear un anclaje capaz de sostener elementos pesados. Fabricados en nylon.<\/p>","protected":false},"featured_media":400,"comment_status":"open","ping_status":"closed","template":"","meta":[],"product_brand":[],"product_cat":[24],"product_tag":[],"class_list":{"0":"post-399","1":"product","2":"type-product","3":"status-publish","4":"has-post-thumbnail","6":"product_cat-fijaciones","8":"first","9":"instock","10":"shipping-taxable","11":"product-type-simple"},"_links":{"self":[{"href":"https:\/\/simelca.com.co\/en\/wp-json\/wp\/v2\/product\/399","targetHints":{"allow":["GET"]}}],"collection":[{"href":"https:\/\/simelca.com.co\/en\/wp-json\/wp\/v2\/product"}],"about":[{"href":"https:\/\/simelca.com.co\/en\/wp-json\/wp\/v2\/types\/product"}],"replies":[{"embeddable":true,"href":"https:\/\/simelca.com.co\/en\/wp-json\/wp\/v2\/comments?post=399"}],"wp:featuredmedia":[{"embeddable":true,"href":"https:\/\/simelca.com.co\/en\/wp-json\/wp\/v2\/media\/400"}],"wp:attachment":[{"href":"https:\/\/simelca.com.co\/en\/wp-json\/wp\/v2\/media?parent=399"}],"wp:term":[{"taxonomy":"product_brand","embeddable":true,"href":"https:\/\/simelca.com.co\/en\/wp-json\/wp\/v2\/product_brand?post=399"},{"taxonomy":"product_cat","embeddable":true,"href":"https:\/\/simelca.com.co\/en\/wp-json\/wp\/v2\/product_cat?post=399"},{"taxonomy":"product_tag","embeddable":true,"href":"https:\/\/simelca.com.co\/en\/wp-json\/wp\/v2\/product_tag?post=399"}],"curies":[{"name":"wp","href":"https:\/\/api.w.org\/{rel}","templated":true}]}}