{"id":377,"date":"2024-12-05T21:46:23","date_gmt":"2024-12-05T21:46:23","guid":{"rendered":"https:\/\/simelca.com.co\/producto\/abrazadera-para-poste\/"},"modified":"2024-12-05T21:46:23","modified_gmt":"2024-12-05T21:46:23","slug":"abrazadera-para-poste","status":"publish","type":"product","link":"https:\/\/simelca.com.co\/en\/product\/abrazadera-para-poste\/","title":{"rendered":"POST CLAMP"},"content":{"rendered":"<p>The post clamp is a fitting that is made up of two semicircular metal plates joined to each other with screws and nuts for its fixing. Used in conjunction with other fittings to secure and hold the suspension or messenger cable to the pole.<\/p>\n<p> Pole bands are manufactured in different dimensions and can be dead-end, one-way, and two-way, depending on the size and location of the post.<\/p>","protected":false},"excerpt":{"rendered":"<p>La abrazadera para poste es un herraje que esta conformado por dos platinas met\u00e1licas semicirculares unidas en sus extremos con tornillos y tuercas para la sujeci\u00f3n respectiva. Se utiliza en conjunto con otros herrajes para fijar y sostener el cable de suspensi\u00f3n o mensajero en el poste. Las abrazaderas se fabrican en diferentes dimensiones y [&hellip;]<\/p>","protected":false},"featured_media":253,"comment_status":"open","ping_status":"closed","template":"","meta":[],"product_brand":[],"product_cat":[25],"product_tag":[],"class_list":{"0":"post-377","1":"product","2":"type-product","3":"status-publish","4":"has-post-thumbnail","6":"product_cat-telecomunicaciones","8":"first","9":"instock","10":"shipping-taxable","11":"product-type-simple"},"_links":{"self":[{"href":"https:\/\/simelca.com.co\/en\/wp-json\/wp\/v2\/product\/377","targetHints":{"allow":["GET"]}}],"collection":[{"href":"https:\/\/simelca.com.co\/en\/wp-json\/wp\/v2\/product"}],"about":[{"href":"https:\/\/simelca.com.co\/en\/wp-json\/wp\/v2\/types\/product"}],"replies":[{"embeddable":true,"href":"https:\/\/simelca.com.co\/en\/wp-json\/wp\/v2\/comments?post=377"}],"wp:featuredmedia":[{"embeddable":true,"href":"https:\/\/simelca.com.co\/en\/wp-json\/wp\/v2\/media\/253"}],"wp:attachment":[{"href":"https:\/\/simelca.com.co\/en\/wp-json\/wp\/v2\/media?parent=377"}],"wp:term":[{"taxonomy":"product_brand","embeddable":true,"href":"https:\/\/simelca.com.co\/en\/wp-json\/wp\/v2\/product_brand?post=377"},{"taxonomy":"product_cat","embeddable":true,"href":"https:\/\/simelca.com.co\/en\/wp-json\/wp\/v2\/product_cat?post=377"},{"taxonomy":"product_tag","embeddable":true,"href":"https:\/\/simelca.com.co\/en\/wp-json\/wp\/v2\/product_tag?post=377"}],"curies":[{"name":"wp","href":"https:\/\/api.w.org\/{rel}","templated":true}]}}