{"id":369,"date":"2024-12-05T21:46:22","date_gmt":"2024-12-05T21:46:22","guid":{"rendered":"https:\/\/simelca.com.co\/producto\/kit-puesta-a-tierra\/"},"modified":"2024-12-05T21:46:22","modified_gmt":"2024-12-05T21:46:22","slug":"kit-puesta-a-tierra","status":"publish","type":"product","link":"https:\/\/simelca.com.co\/en\/product\/kit-puesta-a-tierra\/","title":{"rendered":"GROUNDING KIT"},"content":{"rendered":"<p>Set of conductive elements connected to each other, which provide a direct electrical contact with the ground, dispersing and dissipating the beam currents to ground.<br \/>\n TYPES<br \/>\n Low voltage, medium voltage, residential, underground and telecommunications.<\/p>","protected":false},"excerpt":{"rendered":"<p>Conjunto de elementos conductores conectados entre s\u00ed, que proveen un contacto el\u00e9ctrico directo con el suelo, dispersando y disipando las corrientes del rayo a tierra. TIPOS Baja tensi\u00f3n, media tensi\u00f3n, domiciliario, subterr\u00e1neo y telecomunicaciones.<\/p>","protected":false},"featured_media":308,"comment_status":"open","ping_status":"closed","template":"","meta":[],"product_brand":[],"product_cat":[25],"product_tag":[],"class_list":{"0":"post-369","1":"product","2":"type-product","3":"status-publish","4":"has-post-thumbnail","6":"product_cat-telecomunicaciones","8":"first","9":"instock","10":"shipping-taxable","11":"product-type-simple"},"_links":{"self":[{"href":"https:\/\/simelca.com.co\/en\/wp-json\/wp\/v2\/product\/369","targetHints":{"allow":["GET"]}}],"collection":[{"href":"https:\/\/simelca.com.co\/en\/wp-json\/wp\/v2\/product"}],"about":[{"href":"https:\/\/simelca.com.co\/en\/wp-json\/wp\/v2\/types\/product"}],"replies":[{"embeddable":true,"href":"https:\/\/simelca.com.co\/en\/wp-json\/wp\/v2\/comments?post=369"}],"wp:featuredmedia":[{"embeddable":true,"href":"https:\/\/simelca.com.co\/en\/wp-json\/wp\/v2\/media\/308"}],"wp:attachment":[{"href":"https:\/\/simelca.com.co\/en\/wp-json\/wp\/v2\/media?parent=369"}],"wp:term":[{"taxonomy":"product_brand","embeddable":true,"href":"https:\/\/simelca.com.co\/en\/wp-json\/wp\/v2\/product_brand?post=369"},{"taxonomy":"product_cat","embeddable":true,"href":"https:\/\/simelca.com.co\/en\/wp-json\/wp\/v2\/product_cat?post=369"},{"taxonomy":"product_tag","embeddable":true,"href":"https:\/\/simelca.com.co\/en\/wp-json\/wp\/v2\/product_tag?post=369"}],"curies":[{"name":"wp","href":"https:\/\/api.w.org\/{rel}","templated":true}]}}