{"id":364,"date":"2024-12-05T21:46:20","date_gmt":"2024-12-05T21:46:20","guid":{"rendered":"https:\/\/simelca.com.co\/producto\/chazo-drywall\/"},"modified":"2024-12-05T21:46:20","modified_gmt":"2024-12-05T21:46:20","slug":"chazo-drywall","status":"publish","type":"product","link":"https:\/\/simelca.com.co\/en\/product\/chazo-drywall\/","title":{"rendered":"Drywall fastenerl"},"content":{"rendered":"<p>Specially designed for attaching objects to drywall boards, provides effective grip and is easy to install. When it is already in the<br \/>\n hole, it is screwed to obtain a more effective anchor inside the structure. Made of nylon.<\/p>","protected":false},"excerpt":{"rendered":"<p>Dise\u00f1ado especialmente para fijaci\u00f3n de objetos en placas de panel de yeso, brinda un agarre eficaz y es de f\u00e1cil instalaci\u00f3n. Cuando ya est\u00e1 puesto en la perforaci\u00f3n, se atornilla obteniendo un anclaje m\u00e1s efectivo dentro de la estructura. Fabricados en nylon.<\/p>","protected":false},"featured_media":278,"comment_status":"open","ping_status":"closed","template":"","meta":[],"product_brand":[],"product_cat":[24],"product_tag":[],"class_list":{"0":"post-364","1":"product","2":"type-product","3":"status-publish","4":"has-post-thumbnail","6":"product_cat-fijaciones","8":"first","9":"instock","10":"shipping-taxable","11":"product-type-simple"},"_links":{"self":[{"href":"https:\/\/simelca.com.co\/en\/wp-json\/wp\/v2\/product\/364","targetHints":{"allow":["GET"]}}],"collection":[{"href":"https:\/\/simelca.com.co\/en\/wp-json\/wp\/v2\/product"}],"about":[{"href":"https:\/\/simelca.com.co\/en\/wp-json\/wp\/v2\/types\/product"}],"replies":[{"embeddable":true,"href":"https:\/\/simelca.com.co\/en\/wp-json\/wp\/v2\/comments?post=364"}],"wp:featuredmedia":[{"embeddable":true,"href":"https:\/\/simelca.com.co\/en\/wp-json\/wp\/v2\/media\/278"}],"wp:attachment":[{"href":"https:\/\/simelca.com.co\/en\/wp-json\/wp\/v2\/media?parent=364"}],"wp:term":[{"taxonomy":"product_brand","embeddable":true,"href":"https:\/\/simelca.com.co\/en\/wp-json\/wp\/v2\/product_brand?post=364"},{"taxonomy":"product_cat","embeddable":true,"href":"https:\/\/simelca.com.co\/en\/wp-json\/wp\/v2\/product_cat?post=364"},{"taxonomy":"product_tag","embeddable":true,"href":"https:\/\/simelca.com.co\/en\/wp-json\/wp\/v2\/product_tag?post=364"}],"curies":[{"name":"wp","href":"https:\/\/api.w.org\/{rel}","templated":true}]}}