{"id":363,"date":"2024-12-05T21:46:20","date_gmt":"2024-12-05T21:46:20","guid":{"rendered":"https:\/\/simelca.com.co\/producto\/chazos-de-impacto-o-puntilla\/"},"modified":"2024-12-05T21:46:20","modified_gmt":"2024-12-05T21:46:20","slug":"chazos-de-impacto-o-puntilla","status":"publish","type":"product","link":"https:\/\/simelca.com.co\/en\/product\/chazos-de-impacto-o-puntilla\/","title":{"rendered":"Impact fastener with nail"},"content":{"rendered":"<p>Used in profiled for drywall, wood surfaces or gas installations on concrete. It has a ribbed texture at the end to ensure better internal support, has 2 diagonal outer fins whose function is to give greater grip on porous structures. It has a stainless steel point that crosses the anchor and expands. Made of nylon.<\/p>","protected":false},"excerpt":{"rendered":"<p>Utilizado en perfiler\u00eda para drywall, superficies de madera o instalaciones de gas en hormig\u00f3n. Tiene una textura estriada al final para garantizar una mejor sujeci\u00f3n interna, cuenta con 2 aletas exteriores diagonales cuya funci\u00f3n es dar mayor agarre en estructuras porosas. Tiene una puntilla de acero inoxidable que atraviesa el anclaje y lo expande. Fabricados [&hellip;]<\/p>","protected":false},"featured_media":280,"comment_status":"open","ping_status":"closed","template":"","meta":[],"product_brand":[],"product_cat":[24],"product_tag":[],"class_list":{"0":"post-363","1":"product","2":"type-product","3":"status-publish","4":"has-post-thumbnail","6":"product_cat-fijaciones","8":"first","9":"instock","10":"shipping-taxable","11":"product-type-simple"},"_links":{"self":[{"href":"https:\/\/simelca.com.co\/en\/wp-json\/wp\/v2\/product\/363","targetHints":{"allow":["GET"]}}],"collection":[{"href":"https:\/\/simelca.com.co\/en\/wp-json\/wp\/v2\/product"}],"about":[{"href":"https:\/\/simelca.com.co\/en\/wp-json\/wp\/v2\/types\/product"}],"replies":[{"embeddable":true,"href":"https:\/\/simelca.com.co\/en\/wp-json\/wp\/v2\/comments?post=363"}],"wp:featuredmedia":[{"embeddable":true,"href":"https:\/\/simelca.com.co\/en\/wp-json\/wp\/v2\/media\/280"}],"wp:attachment":[{"href":"https:\/\/simelca.com.co\/en\/wp-json\/wp\/v2\/media?parent=363"}],"wp:term":[{"taxonomy":"product_brand","embeddable":true,"href":"https:\/\/simelca.com.co\/en\/wp-json\/wp\/v2\/product_brand?post=363"},{"taxonomy":"product_cat","embeddable":true,"href":"https:\/\/simelca.com.co\/en\/wp-json\/wp\/v2\/product_cat?post=363"},{"taxonomy":"product_tag","embeddable":true,"href":"https:\/\/simelca.com.co\/en\/wp-json\/wp\/v2\/product_tag?post=363"}],"curies":[{"name":"wp","href":"https:\/\/api.w.org\/{rel}","templated":true}]}}