{"id":360,"date":"2024-12-05T21:46:20","date_gmt":"2024-12-05T21:46:20","guid":{"rendered":"https:\/\/simelca.com.co\/producto\/superbanda\/"},"modified":"2024-12-18T00:44:47","modified_gmt":"2024-12-18T00:44:47","slug":"superbanda","status":"publish","type":"product","link":"https:\/\/simelca.com.co\/en\/product\/superbanda\/","title":{"rendered":"SUPERBAND"},"content":{"rendered":"<p>Stainless Steel band that secures the power wire to the pipe so it does not slip and cause curvatures, keeping it as vertical as possible.\nIt is made in AISI 430 and 304 stainless steel<br \/>\n Se fabrica en acero inoxidable AISI 430 y 304<\/p>","protected":false},"excerpt":{"rendered":"<p>Banda met\u00e1lica que asegura, el cable de potencia del motor a la tuber\u00eda para que no se deslice y forme curvaturas manteni\u00e9ndolo lo m\u00e1s vertical posible. Se fabrica en acero inoxidable AISI 430 y 304<\/p>","protected":false},"featured_media":327,"comment_status":"open","ping_status":"closed","template":"","meta":[],"product_brand":[],"product_cat":[23],"product_tag":[],"class_list":{"0":"post-360","1":"product","2":"type-product","3":"status-publish","4":"has-post-thumbnail","6":"product_cat-petroleo","8":"first","9":"instock","10":"shipping-taxable","11":"product-type-simple"},"_links":{"self":[{"href":"https:\/\/simelca.com.co\/en\/wp-json\/wp\/v2\/product\/360","targetHints":{"allow":["GET"]}}],"collection":[{"href":"https:\/\/simelca.com.co\/en\/wp-json\/wp\/v2\/product"}],"about":[{"href":"https:\/\/simelca.com.co\/en\/wp-json\/wp\/v2\/types\/product"}],"replies":[{"embeddable":true,"href":"https:\/\/simelca.com.co\/en\/wp-json\/wp\/v2\/comments?post=360"}],"wp:featuredmedia":[{"embeddable":true,"href":"https:\/\/simelca.com.co\/en\/wp-json\/wp\/v2\/media\/327"}],"wp:attachment":[{"href":"https:\/\/simelca.com.co\/en\/wp-json\/wp\/v2\/media?parent=360"}],"wp:term":[{"taxonomy":"product_brand","embeddable":true,"href":"https:\/\/simelca.com.co\/en\/wp-json\/wp\/v2\/product_brand?post=360"},{"taxonomy":"product_cat","embeddable":true,"href":"https:\/\/simelca.com.co\/en\/wp-json\/wp\/v2\/product_cat?post=360"},{"taxonomy":"product_tag","embeddable":true,"href":"https:\/\/simelca.com.co\/en\/wp-json\/wp\/v2\/product_tag?post=360"}],"curies":[{"name":"wp","href":"https:\/\/api.w.org\/{rel}","templated":true}]}}