{"id":359,"date":"2024-12-05T21:46:20","date_gmt":"2024-12-05T21:46:20","guid":{"rendered":"https:\/\/simelca.com.co\/producto\/abrazadera-mid-joint\/"},"modified":"2024-12-18T00:44:37","modified_gmt":"2024-12-18T00:44:37","slug":"abrazadera-mid-joint","status":"publish","type":"product","link":"https:\/\/simelca.com.co\/en\/product\/abrazadera-mid-joint\/","title":{"rendered":"MID JOINT CLAMP"},"content":{"rendered":"<p>Device that secures the power cable to the pipe in the middle of each section. This attachment point keeps cable alignment, preventing gliding and rotation.<br \/>\n It is assembled with pins and welded clamps which guarantee its assemblent integrity and reuse.<br \/>\n The pegs are heat treated to ensure durability.<\/p>","protected":false},"excerpt":{"rendered":"<p>Dispositivo que asegura el cable de potencia a la tuber\u00eda en la mitad de cada tramo. Este punto de uni\u00f3n mantiene la alineaci\u00f3n de los cables, evitando el deslizamiento y la rotaci\u00f3n. Su ensamble es con pines y abrazaderas soldadas que garantizan la integridad del ensamble y su reutilizaci\u00f3n. Las clavijas se someten a un [&hellip;]<\/p>","protected":false},"featured_media":311,"comment_status":"open","ping_status":"closed","template":"","meta":[],"product_brand":[],"product_cat":[23],"product_tag":[],"class_list":{"0":"post-359","1":"product","2":"type-product","3":"status-publish","4":"has-post-thumbnail","6":"product_cat-petroleo","8":"first","9":"instock","10":"shipping-taxable","11":"product-type-simple"},"_links":{"self":[{"href":"https:\/\/simelca.com.co\/en\/wp-json\/wp\/v2\/product\/359","targetHints":{"allow":["GET"]}}],"collection":[{"href":"https:\/\/simelca.com.co\/en\/wp-json\/wp\/v2\/product"}],"about":[{"href":"https:\/\/simelca.com.co\/en\/wp-json\/wp\/v2\/types\/product"}],"replies":[{"embeddable":true,"href":"https:\/\/simelca.com.co\/en\/wp-json\/wp\/v2\/comments?post=359"}],"wp:featuredmedia":[{"embeddable":true,"href":"https:\/\/simelca.com.co\/en\/wp-json\/wp\/v2\/media\/311"}],"wp:attachment":[{"href":"https:\/\/simelca.com.co\/en\/wp-json\/wp\/v2\/media?parent=359"}],"wp:term":[{"taxonomy":"product_brand","embeddable":true,"href":"https:\/\/simelca.com.co\/en\/wp-json\/wp\/v2\/product_brand?post=359"},{"taxonomy":"product_cat","embeddable":true,"href":"https:\/\/simelca.com.co\/en\/wp-json\/wp\/v2\/product_cat?post=359"},{"taxonomy":"product_tag","embeddable":true,"href":"https:\/\/simelca.com.co\/en\/wp-json\/wp\/v2\/product_tag?post=359"}],"curies":[{"name":"wp","href":"https:\/\/api.w.org\/{rel}","templated":true}]}}