{"id":355,"date":"2024-12-05T21:46:19","date_gmt":"2024-12-05T21:46:19","guid":{"rendered":"https:\/\/simelca.com.co\/producto\/protector-de-fauna-silvestre\/"},"modified":"2024-12-18T02:36:52","modified_gmt":"2024-12-18T02:36:52","slug":"protector-de-fauna-silvestre","status":"publish","type":"product","link":"https:\/\/simelca.com.co\/en\/product\/protector-de-fauna-silvestre\/","title":{"rendered":"WILDLIFE PROTECTION FOR TRANSFORMERS"},"content":{"rendered":"<p>Monolithic plastic device which is installed at the high voltage isolators of electrical distribution transformers. It avoids the accidental birds or other animals contact with the energized cables.<\/p>\n<p> Its design allows installation without disconnecting the wires from the transformer; the upper end allows adapting different cable diameters.<\/p>\n<p> Nominal voltage level up to 15KV.<\/p>","protected":false},"excerpt":{"rendered":"<p>Dispositivo pl\u00e1stico monol\u00edtico que se instala en los aisladores de alta tensi\u00f3n de los transformadores el\u00e9ctricos de distribuci\u00f3n, evita el contacto accidental de aves y especies menores con los cables energizados. Su dise\u00f1o permite hacer la instalaci\u00f3n sin desconectar los cables del transformador; Su extremo superior permite adaptar distintos di\u00e1metros de cable. Nivel de tensi\u00f3n [&hellip;]<\/p>","protected":false},"featured_media":318,"comment_status":"open","ping_status":"closed","template":"","meta":[],"product_brand":[],"product_cat":[22],"product_tag":[],"class_list":{"0":"post-355","1":"product","2":"type-product","3":"status-publish","4":"has-post-thumbnail","6":"product_cat-productos-para-transformadores","8":"first","9":"instock","10":"shipping-taxable","11":"product-type-simple"},"_links":{"self":[{"href":"https:\/\/simelca.com.co\/en\/wp-json\/wp\/v2\/product\/355","targetHints":{"allow":["GET"]}}],"collection":[{"href":"https:\/\/simelca.com.co\/en\/wp-json\/wp\/v2\/product"}],"about":[{"href":"https:\/\/simelca.com.co\/en\/wp-json\/wp\/v2\/types\/product"}],"replies":[{"embeddable":true,"href":"https:\/\/simelca.com.co\/en\/wp-json\/wp\/v2\/comments?post=355"}],"wp:featuredmedia":[{"embeddable":true,"href":"https:\/\/simelca.com.co\/en\/wp-json\/wp\/v2\/media\/318"}],"wp:attachment":[{"href":"https:\/\/simelca.com.co\/en\/wp-json\/wp\/v2\/media?parent=355"}],"wp:term":[{"taxonomy":"product_brand","embeddable":true,"href":"https:\/\/simelca.com.co\/en\/wp-json\/wp\/v2\/product_brand?post=355"},{"taxonomy":"product_cat","embeddable":true,"href":"https:\/\/simelca.com.co\/en\/wp-json\/wp\/v2\/product_cat?post=355"},{"taxonomy":"product_tag","embeddable":true,"href":"https:\/\/simelca.com.co\/en\/wp-json\/wp\/v2\/product_tag?post=355"}],"curies":[{"name":"wp","href":"https:\/\/api.w.org\/{rel}","templated":true}]}}