{"id":350,"date":"2024-12-05T21:46:19","date_gmt":"2024-12-05T21:46:19","guid":{"rendered":"https:\/\/simelca.com.co\/producto\/seccionador-de-4-posiciones\/"},"modified":"2024-12-18T02:36:05","modified_gmt":"2024-12-18T02:36:05","slug":"seccionador-de-4-posiciones","status":"publish","type":"product","link":"https:\/\/simelca.com.co\/en\/product\/seccionador-de-4-posiciones\/","title":{"rendered":"FOUR POSITION SWITCH"},"content":{"rendered":"<p>Used in padmount transformers for ring or mesh networks, at three phase underground residential, industrial and commercial facilities.<br \/>\n Voltage characteristics and tests according to IEEE standard C37.74-2015<\/p>","protected":false},"excerpt":{"rendered":"<p>Utilizado en transfomadores pedestal disposici\u00f3n para red tipo Anillo o malla, en instalaciones residenciales subterr\u00e1neas e industriales y comerciales trif\u00e1sicas. Pruebas y caracteristicas de voltaje de acuerdo con la norma IEEE estandar C37.74-2015<\/p>","protected":false},"featured_media":320,"comment_status":"open","ping_status":"closed","template":"","meta":[],"product_brand":[],"product_cat":[22],"product_tag":[],"class_list":{"0":"post-350","1":"product","2":"type-product","3":"status-publish","4":"has-post-thumbnail","6":"product_cat-productos-para-transformadores","8":"first","9":"instock","10":"shipping-taxable","11":"product-type-simple"},"_links":{"self":[{"href":"https:\/\/simelca.com.co\/en\/wp-json\/wp\/v2\/product\/350","targetHints":{"allow":["GET"]}}],"collection":[{"href":"https:\/\/simelca.com.co\/en\/wp-json\/wp\/v2\/product"}],"about":[{"href":"https:\/\/simelca.com.co\/en\/wp-json\/wp\/v2\/types\/product"}],"replies":[{"embeddable":true,"href":"https:\/\/simelca.com.co\/en\/wp-json\/wp\/v2\/comments?post=350"}],"wp:featuredmedia":[{"embeddable":true,"href":"https:\/\/simelca.com.co\/en\/wp-json\/wp\/v2\/media\/320"}],"wp:attachment":[{"href":"https:\/\/simelca.com.co\/en\/wp-json\/wp\/v2\/media?parent=350"}],"wp:term":[{"taxonomy":"product_brand","embeddable":true,"href":"https:\/\/simelca.com.co\/en\/wp-json\/wp\/v2\/product_brand?post=350"},{"taxonomy":"product_cat","embeddable":true,"href":"https:\/\/simelca.com.co\/en\/wp-json\/wp\/v2\/product_cat?post=350"},{"taxonomy":"product_tag","embeddable":true,"href":"https:\/\/simelca.com.co\/en\/wp-json\/wp\/v2\/product_tag?post=350"}],"curies":[{"name":"wp","href":"https:\/\/api.w.org\/{rel}","templated":true}]}}