{"id":343,"date":"2024-12-05T21:46:19","date_gmt":"2024-12-05T21:46:19","guid":{"rendered":"https:\/\/simelca.com.co\/producto\/sistema-de-puesta-a-tierra-en-acero-inoxidable\/"},"modified":"2024-12-18T00:47:46","modified_gmt":"2024-12-18T00:47:46","slug":"sistema-de-puesta-a-tierra-en-acero-inoxidable","status":"publish","type":"product","link":"https:\/\/simelca.com.co\/en\/product\/sistema-de-puesta-a-tierra-en-acero-inoxidable\/","title":{"rendered":"STAINLESS STEEL GROUNDING SYSTEM"},"content":{"rendered":"<p>Set of conductive elements connected to each other, which provide a direct electrical contact with the ground, dispersing and dissipating the beam currents to ground.<br \/>\n TYPES<br \/>\n Low voltage, medium voltage, residential, underground and telecommunications.<\/p>","protected":false},"excerpt":{"rendered":"<p>Conjunto de elementos conductores conectados entre s\u00ed, que proveen un contacto el\u00e9ctrico directo con el suelo, dispersando y disipando las corrientes del rayo a tierra. TIPOS Baja tensi\u00f3n, media tensi\u00f3n, domiciliario, subterr\u00e1neo y telecomunicaciones.<\/p>","protected":false},"featured_media":307,"comment_status":"open","ping_status":"closed","template":"","meta":[],"product_brand":[],"product_cat":[21],"product_tag":[],"class_list":{"0":"post-343","1":"product","2":"type-product","3":"status-publish","4":"has-post-thumbnail","6":"product_cat-distribucion-de-energia","8":"first","9":"instock","10":"shipping-taxable","11":"product-type-simple"},"_links":{"self":[{"href":"https:\/\/simelca.com.co\/en\/wp-json\/wp\/v2\/product\/343","targetHints":{"allow":["GET"]}}],"collection":[{"href":"https:\/\/simelca.com.co\/en\/wp-json\/wp\/v2\/product"}],"about":[{"href":"https:\/\/simelca.com.co\/en\/wp-json\/wp\/v2\/types\/product"}],"replies":[{"embeddable":true,"href":"https:\/\/simelca.com.co\/en\/wp-json\/wp\/v2\/comments?post=343"}],"wp:featuredmedia":[{"embeddable":true,"href":"https:\/\/simelca.com.co\/en\/wp-json\/wp\/v2\/media\/307"}],"wp:attachment":[{"href":"https:\/\/simelca.com.co\/en\/wp-json\/wp\/v2\/media?parent=343"}],"wp:term":[{"taxonomy":"product_brand","embeddable":true,"href":"https:\/\/simelca.com.co\/en\/wp-json\/wp\/v2\/product_brand?post=343"},{"taxonomy":"product_cat","embeddable":true,"href":"https:\/\/simelca.com.co\/en\/wp-json\/wp\/v2\/product_cat?post=343"},{"taxonomy":"product_tag","embeddable":true,"href":"https:\/\/simelca.com.co\/en\/wp-json\/wp\/v2\/product_tag?post=343"}],"curies":[{"name":"wp","href":"https:\/\/api.w.org\/{rel}","templated":true}]}}