{"id":342,"date":"2024-12-05T21:46:19","date_gmt":"2024-12-05T21:46:19","guid":{"rendered":"https:\/\/simelca.com.co\/producto\/cajas-de-derivacion-o-portaborneras\/"},"modified":"2024-12-18T00:47:27","modified_gmt":"2024-12-18T00:47:27","slug":"cajas-de-derivacion-o-portaborneras","status":"publish","type":"product","link":"https:\/\/simelca.com.co\/en\/product\/cajas-de-derivacion-o-portaborneras\/","title":{"rendered":"JUNCTION BOXES OR TERMINAL BOXES"},"content":{"rendered":"<p>SHUNT BOXES OR TERMINAL BOXES\nDesigned for 110 \/ 220V one phase household connection shunt in low voltage electrical installations and for the distribution of electrical energy in 220V three-phase circuits.<\/p>\n<p> To all our customers<\/p>\n<p> If you require any clarification on the marking of our boxes please write to ventas@simelca.com.co<\/p>","protected":false},"excerpt":{"rendered":"<p>Dise\u00f1ada para la derivaci\u00f3n de acometidas domiciliarias monof\u00e1sicas 110\/220V en las instalaciones el\u00e9ctricas de Baja Tensi\u00f3n y para la distribuci\u00f3n de la energ\u00eda el\u00e9ctrica en circuitos trif\u00e1sicos a 220V. A todos nuestros clientes En caso de requerir alguna aclaraci\u00f3n sobre la marcaci\u00f3n de nuestras cajas de derivaci\u00f3n favor Escribir al correo ventas@simelca.com.co<\/p>","protected":false},"featured_media":270,"comment_status":"open","ping_status":"closed","template":"","meta":[],"product_brand":[],"product_cat":[21],"product_tag":[],"class_list":{"0":"post-342","1":"product","2":"type-product","3":"status-publish","4":"has-post-thumbnail","6":"product_cat-distribucion-de-energia","8":"first","9":"instock","10":"shipping-taxable","11":"product-type-simple"},"_links":{"self":[{"href":"https:\/\/simelca.com.co\/en\/wp-json\/wp\/v2\/product\/342","targetHints":{"allow":["GET"]}}],"collection":[{"href":"https:\/\/simelca.com.co\/en\/wp-json\/wp\/v2\/product"}],"about":[{"href":"https:\/\/simelca.com.co\/en\/wp-json\/wp\/v2\/types\/product"}],"replies":[{"embeddable":true,"href":"https:\/\/simelca.com.co\/en\/wp-json\/wp\/v2\/comments?post=342"}],"wp:featuredmedia":[{"embeddable":true,"href":"https:\/\/simelca.com.co\/en\/wp-json\/wp\/v2\/media\/270"}],"wp:attachment":[{"href":"https:\/\/simelca.com.co\/en\/wp-json\/wp\/v2\/media?parent=342"}],"wp:term":[{"taxonomy":"product_brand","embeddable":true,"href":"https:\/\/simelca.com.co\/en\/wp-json\/wp\/v2\/product_brand?post=342"},{"taxonomy":"product_cat","embeddable":true,"href":"https:\/\/simelca.com.co\/en\/wp-json\/wp\/v2\/product_cat?post=342"},{"taxonomy":"product_tag","embeddable":true,"href":"https:\/\/simelca.com.co\/en\/wp-json\/wp\/v2\/product_tag?post=342"}],"curies":[{"name":"wp","href":"https:\/\/api.w.org\/{rel}","templated":true}]}}