{"id":340,"date":"2024-12-05T21:46:19","date_gmt":"2024-12-05T21:46:19","guid":{"rendered":"https:\/\/simelca.com.co\/producto\/espaciador-polimerico-de-red-compacta\/"},"modified":"2024-12-18T00:46:19","modified_gmt":"2024-12-18T00:46:19","slug":"espaciador-polimerico-de-red-compacta","status":"publish","type":"product","link":"https:\/\/simelca.com.co\/en\/product\/espaciador-polimerico-de-red-compacta\/","title":{"rendered":"POLYMERIC (HDPE) COMPACT NETWORK SPACER"},"content":{"rendered":"<p>It is used in primary and compact aerial energy grid. Its function is to hold and keep separated  both messenger and power cables into a  triangular pattern between phases<br \/>\n \u2022 Made in HDPE material<br \/>\n \u2022 It has a simple coupling system that allows an easy, fast and safe conductor and messenger installation.<br \/>\n \u2022 Its design allows it to be self washable by rainwater.<\/p>","protected":false},"excerpt":{"rendered":"<p>Se utiliza en los sistemas de red a\u00e9rea primaria y compacta. Su funci\u00f3n es sostener y separar, tanto el cable mensajero como los cables de fases en una configuraci\u00f3n triangular. \u2022 Construido en material (HDPE) \u2022 Sistema de enganche que le permite una f\u00e1cil, r\u00e1pida y segura instalaci\u00f3n de los conductores y el mensajero \u2022 [&hellip;]<\/p>","protected":false},"featured_media":290,"comment_status":"open","ping_status":"closed","template":"","meta":[],"product_brand":[],"product_cat":[21],"product_tag":[],"class_list":{"0":"post-340","1":"product","2":"type-product","3":"status-publish","4":"has-post-thumbnail","6":"product_cat-distribucion-de-energia","8":"first","9":"instock","10":"shipping-taxable","11":"product-type-simple"},"_links":{"self":[{"href":"https:\/\/simelca.com.co\/en\/wp-json\/wp\/v2\/product\/340","targetHints":{"allow":["GET"]}}],"collection":[{"href":"https:\/\/simelca.com.co\/en\/wp-json\/wp\/v2\/product"}],"about":[{"href":"https:\/\/simelca.com.co\/en\/wp-json\/wp\/v2\/types\/product"}],"replies":[{"embeddable":true,"href":"https:\/\/simelca.com.co\/en\/wp-json\/wp\/v2\/comments?post=340"}],"wp:featuredmedia":[{"embeddable":true,"href":"https:\/\/simelca.com.co\/en\/wp-json\/wp\/v2\/media\/290"}],"wp:attachment":[{"href":"https:\/\/simelca.com.co\/en\/wp-json\/wp\/v2\/media?parent=340"}],"wp:term":[{"taxonomy":"product_brand","embeddable":true,"href":"https:\/\/simelca.com.co\/en\/wp-json\/wp\/v2\/product_brand?post=340"},{"taxonomy":"product_cat","embeddable":true,"href":"https:\/\/simelca.com.co\/en\/wp-json\/wp\/v2\/product_cat?post=340"},{"taxonomy":"product_tag","embeddable":true,"href":"https:\/\/simelca.com.co\/en\/wp-json\/wp\/v2\/product_tag?post=340"}],"curies":[{"name":"wp","href":"https:\/\/api.w.org\/{rel}","templated":true}]}}