{"id":339,"date":"2024-12-05T21:46:18","date_gmt":"2024-12-05T21:46:18","guid":{"rendered":"https:\/\/simelca.com.co\/producto\/proyectos-especiales\/"},"modified":"2024-12-05T21:46:19","modified_gmt":"2024-12-05T21:46:19","slug":"proyectos-especiales","status":"publish","type":"product","link":"https:\/\/simelca.com.co\/en\/product\/proyectos-especiales\/","title":{"rendered":"SPECIAL PROJECTS"},"content":{"rendered":"<p>We develop new products under OEM and ODM business models for external clients.<\/p>\n<p> Our design, development and engineering capabilities allow us to execute special projects with metal-machining technology (electro-eroding, wire cutting, turning, machining centers, die cutting, welding) and plastic injection.<\/p>","protected":false},"excerpt":{"rendered":"<p>Desarrollamos nuevos productos bajo modelos de negocio OEM y ODM para clientes externos. Nuestras capacidades de dise\u00f1o, desarrollo e ingenier\u00eda nos permiten ejecutar proyectos especiales a trav\u00e9s de la tecnolog\u00eda metalmec\u00e1nica (electro erosionado, corte por hilo, torneado, centros de mecanizado, troquelado, soldadura) y de inyecci\u00f3n de pl\u00e1stico.<\/p>","protected":false},"featured_media":265,"comment_status":"open","ping_status":"closed","template":"","meta":[],"product_brand":[],"product_cat":[20],"product_tag":[],"class_list":{"0":"post-339","1":"product","2":"type-product","3":"status-publish","4":"has-post-thumbnail","6":"product_cat-proyectos-especiales","8":"first","9":"instock","10":"shipping-taxable","11":"product-type-simple"},"_links":{"self":[{"href":"https:\/\/simelca.com.co\/en\/wp-json\/wp\/v2\/product\/339","targetHints":{"allow":["GET"]}}],"collection":[{"href":"https:\/\/simelca.com.co\/en\/wp-json\/wp\/v2\/product"}],"about":[{"href":"https:\/\/simelca.com.co\/en\/wp-json\/wp\/v2\/types\/product"}],"replies":[{"embeddable":true,"href":"https:\/\/simelca.com.co\/en\/wp-json\/wp\/v2\/comments?post=339"}],"wp:featuredmedia":[{"embeddable":true,"href":"https:\/\/simelca.com.co\/en\/wp-json\/wp\/v2\/media\/265"}],"wp:attachment":[{"href":"https:\/\/simelca.com.co\/en\/wp-json\/wp\/v2\/media?parent=339"}],"wp:term":[{"taxonomy":"product_brand","embeddable":true,"href":"https:\/\/simelca.com.co\/en\/wp-json\/wp\/v2\/product_brand?post=339"},{"taxonomy":"product_cat","embeddable":true,"href":"https:\/\/simelca.com.co\/en\/wp-json\/wp\/v2\/product_cat?post=339"},{"taxonomy":"product_tag","embeddable":true,"href":"https:\/\/simelca.com.co\/en\/wp-json\/wp\/v2\/product_tag?post=339"}],"curies":[{"name":"wp","href":"https:\/\/api.w.org\/{rel}","templated":true}]}}