{"id":919,"date":"2024-12-18T16:57:02","date_gmt":"2024-12-18T16:57:02","guid":{"rendered":"https:\/\/simelca.com.co\/?page_id=919"},"modified":"2025-02-20T19:51:49","modified_gmt":"2025-02-20T19:51:49","slug":"proteccion-de-datos","status":"publish","type":"page","link":"https:\/\/simelca.com.co\/en\/proteccion-de-datos\/","title":{"rendered":"Data Protection"},"content":{"rendered":"<div data-elementor-type=\"wp-page\" data-elementor-id=\"919\" class=\"elementor elementor-919\" data-elementor-post-type=\"page\">\n\t\t\t\t<div class=\"elementor-element elementor-element-4c86492 e-flex e-con-boxed e-con e-parent\" data-id=\"4c86492\" data-element_type=\"container\" data-settings=\"{&quot;background_background&quot;:&quot;classic&quot;,&quot;shape_divider_bottom&quot;:&quot;tilt&quot;}\">\n\t\t\t\t\t<div class=\"e-con-inner\">\n\t\t\t\t<div class=\"elementor-shape elementor-shape-bottom\" data-negative=\"false\">\n\t\t\t<svg xmlns=\"http:\/\/www.w3.org\/2000\/svg\" viewbox=\"0 0 1000 100\" preserveaspectratio=\"none\">\n\t<path class=\"elementor-shape-fill\" d=\"M0,6V0h1000v100L0,6z\"\/>\n<\/svg>\t\t<\/div>\n\t\t\t\t<div class=\"elementor-element elementor-element-e9743ad elementor-widget elementor-widget-heading\" data-id=\"e9743ad\" data-element_type=\"widget\" data-widget_type=\"heading.default\">\n\t\t\t\t\t<h2 class=\"elementor-heading-title elementor-size-default\">Data Protection <\/h2>\t\t\t\t<\/div>\n\t\t\t\t\t<\/div>\n\t\t\t\t<\/div>\n\t\t<div class=\"elementor-element elementor-element-59f27c3 e-con-full e-flex e-con e-parent\" data-id=\"59f27c3\" data-element_type=\"container\" data-settings=\"{&quot;position&quot;:&quot;absolute&quot;}\">\n\t\t\t\t<div class=\"elementor-element elementor-element-eb28dcb elementor-widget elementor-widget-image\" data-id=\"eb28dcb\" data-element_type=\"widget\" data-widget_type=\"image.default\">\n\t\t\t\t\t\t\t\t\t\t\t\t\t\t\t<img decoding=\"async\" width=\"180\" height=\"182\" src=\"https:\/\/simelca.com.co\/wp-content\/uploads\/2024\/12\/elemento-lateral-logo-1.png\" class=\"attachment-large size-large wp-image-413\" alt=\"\" srcset=\"https:\/\/simelca.com.co\/wp-content\/uploads\/2024\/12\/elemento-lateral-logo-1.png 180w, https:\/\/simelca.com.co\/wp-content\/uploads\/2024\/12\/elemento-lateral-logo-1-12x12.png 12w, https:\/\/simelca.com.co\/wp-content\/uploads\/2024\/12\/elemento-lateral-logo-1-100x100.png 100w\" sizes=\"(max-width: 180px) 100vw, 180px\" \/>\t\t\t\t\t\t\t\t\t\t\t\t\t\t\t<\/div>\n\t\t\t\t<\/div>\n\t\t<div class=\"elementor-element elementor-element-2b5650c e-flex e-con-boxed e-con e-parent\" data-id=\"2b5650c\" data-element_type=\"container\">\n\t\t\t\t\t<div class=\"e-con-inner\">\n\t\t\t\t<div class=\"elementor-element elementor-element-1ee6f5c elementor-widget__width-initial elementor-widget-mobile__width-initial elementor-widget elementor-widget-heading\" data-id=\"1ee6f5c\" data-element_type=\"widget\" data-widget_type=\"heading.default\">\n\t\t\t\t\t<h2 class=\"elementor-heading-title elementor-size-default\">You can see the documents by clicking in the links below<\/h2>\t\t\t\t<\/div>\n\t\t\t\t\t<\/div>\n\t\t\t\t<\/div>\n\t\t<div class=\"elementor-element elementor-element-5864d63 e-flex e-con-boxed e-con e-parent\" data-id=\"5864d63\" data-element_type=\"container\">\n\t\t\t\t\t<div class=\"e-con-inner\">\n\t\t\t\t<div class=\"elementor-element elementor-element-3eaea63 elementor-align-center elementor-widget elementor-widget-button\" data-id=\"3eaea63\" data-element_type=\"widget\" data-widget_type=\"button.default\">\n\t\t\t\t\t\t\t\t\t\t<a class=\"elementor-button elementor-button-link elementor-size-sm\" href=\"https:\/\/simelca.com.co\/wp-content\/uploads\/2024\/12\/MANUAL-PROCEDIMIENTOS-POLITICAS-Y-TRATAMIENTO-DE-DATOS-PERSONALES.pdf\" target=\"_blank\">\n\t\t\t\t\t\t<span class=\"elementor-button-content-wrapper\">\n\t\t\t\t\t\t<span class=\"elementor-button-icon\">\n\t\t\t\t<svg aria-hidden=\"true\" class=\"e-font-icon-svg e-fas-external-link-alt\" viewbox=\"0 0 512 512\" xmlns=\"http:\/\/www.w3.org\/2000\/svg\"><path d=\"M432,320H400a16,16,0,0,0-16,16V448H64V128H208a16,16,0,0,0,16-16V80a16,16,0,0,0-16-16H48A48,48,0,0,0,0,112V464a48,48,0,0,0,48,48H400a48,48,0,0,0,48-48V336A16,16,0,0,0,432,320ZM488,0h-128c-21.37,0-32.05,25.91-17,41l35.73,35.73L135,320.37a24,24,0,0,0,0,34L157.67,377a24,24,0,0,0,34,0L435.28,133.32,471,169c15,15,41,4.5,41-17V24A24,24,0,0,0,488,0Z\"><\/path><\/svg>\t\t\t<\/span>\n\t\t\t\t\t\t\t\t\t<span class=\"elementor-button-text\">MANUAL POLICY PROCEDURES AND PERSONAL DATA PROCESSING<\/span>\n\t\t\t\t\t<\/span>\n\t\t\t\t\t<\/a>\n\t\t\t\t\t\t\t\t<\/div>\n\t\t\t\t<div class=\"elementor-element elementor-element-efceef1 elementor-widget elementor-widget-text-editor\" data-id=\"efceef1\" data-element_type=\"widget\" data-widget_type=\"text-editor.default\">\n\t\t\t\t\t\t\t\t\tAll fields must be filled out\t\t\t\t\t\t\t\t<\/div>\n\t\t\t\t<div class=\"elementor-element elementor-element-f1a18f8 elementor-widget elementor-widget-text-editor\" data-id=\"f1a18f8\" data-element_type=\"widget\" data-widget_type=\"text-editor.default\">\n\t\t\t\t\t\t\t\t\tIf any inconsistency is found or additional information is required, Simelca SAS will contact the interested party within five business days after receiving this document to correct the faults. After two calendar months from the date of the request without the applicant providing the required information, it will be understood that the claim has been withdrawn.\t\t\t\t\t\t\t\t<\/div>\n\t\t\t\t\t<\/div>\n\t\t\t\t<\/div>\n\t\t<div class=\"elementor-element elementor-element-527e219 e-flex e-con-boxed e-con e-parent\" data-id=\"527e219\" data-element_type=\"container\">\n\t\t\t\t\t<div class=\"e-con-inner\">\n\t\t\t\t<div class=\"elementor-element elementor-element-858f686 elementor-widget elementor-widget-ucaddon_contact_form_7\" data-id=\"858f686\" data-element_type=\"widget\" data-widget_type=\"ucaddon_contact_form_7.default\">\n\t\t\t\t<div class=\"elementor-widget-container\">\n\t\t\t\t\t\n<!-- start Contact Form 7 -->\n<style>\/* widget: Contact Form 7 *\/\n\n#uc_contact_form_7_elementor_858f686 {\n  display: flex;  \n  flex-direction: column;\n}\n#uc_contact_form_7_elementor_858f686 .wpcf7-list-item {\n    margin: 0 0 0 8px;\n}\n\n#uc_contact_form_7_elementor_858f686 .wpcf7-form p:has(.wpcf7-submit){\n  display:flex;\n  flex-wrap: wrap;\n}\n\n#uc_contact_form_7_elementor_858f686 .ue_contact_form_7 label{\n  display: block;\n}\n\n#uc_contact_form_7_elementor_858f686 .wpcf7-checkbox, #uc_contact_form_7_elementor_858f686 .wpcf7-radio{\n  display:flex;\n  flex-wrap: wrap;\n}\n\n#uc_contact_form_7_elementor_858f686 .wpcf7-form-control-wrap{\n  display:flex;\n  width:100%;\n  flex-wrap: wrap;\n}\n\n\n\n\n.ue_contact_form_7 p > label{\n  line-height: inherit;\n}\n\n<\/style>\n\n<div id=\"uc_contact_form_7_elementor_858f686\" class=\"ue_contact_form_7\">\n  <div class=\"ue_form_wrapper\">\n            \n    \n<div class=\"wpcf7 no-js\" id=\"wpcf7-f980-o1\" lang=\"es-ES\" dir=\"ltr\" data-wpcf7-id=\"980\">\n<div class=\"screen-reader-response\"><p role=\"status\" aria-live=\"polite\" aria-atomic=\"true\"><\/p> <ul><\/ul><\/div>\n<form action=\"\/en\/wp-json\/wp\/v2\/pages\/919#wpcf7-f980-o1\" method=\"post\" class=\"wpcf7-form init wpcf7-acceptance-as-validation\" aria-label=\"Formulario de contacto\" novalidate=\"novalidate\" data-status=\"init\" data-trp-original-action=\"\/en\/wp-json\/wp\/v2\/pages\/919#wpcf7-f980-o1\">\n<div style=\"display: none;\">\n<input type=\"hidden\" name=\"_wpcf7\" value=\"980\" \/>\n<input type=\"hidden\" name=\"_wpcf7_version\" value=\"6.0.4\" \/>\n<input type=\"hidden\" name=\"_wpcf7_locale\" value=\"es_ES\" \/>\n<input type=\"hidden\" name=\"_wpcf7_unit_tag\" value=\"wpcf7-f980-o1\" \/>\n<input type=\"hidden\" name=\"_wpcf7_container_post\" value=\"0\" \/>\n<input type=\"hidden\" name=\"_wpcf7_posted_data_hash\" value=\"\" \/>\n<\/div>\n<div class=\"uacf7-form-980\"><div class=\"uacf7-row\">\n<div class=\"uacf7-col-4\"><label> Registration number: <span class=\"wpcf7-form-control-wrap\" data-name=\"radicacion\"><input class=\"wpcf7-form-control wpcf7-number wpcf7-validates-as-required wpcf7-validates-as-number\" aria-required=\"true\" aria-invalid=\"false\" value=\"\" type=\"number\" name=\"radicacion\" \/><\/span> <\/label><\/div>\n<div class=\"uacf7-col-4\"><label> Date: <span class=\"wpcf7-form-control-wrap\" data-name=\"fecha\"><input class=\"wpcf7-form-control wpcf7-date wpcf7-validates-as-required wpcf7-validates-as-date\" aria-required=\"true\" aria-invalid=\"false\" value=\"\" type=\"date\" name=\"fecha\" \/><\/span> <\/label><\/div>\n<div class=\"uacf7-col-4\"><label> Name: <span class=\"wpcf7-form-control-wrap\" data-name=\"nombre\"><input size=\"40\" maxlength=\"400\" class=\"wpcf7-form-control wpcf7-text wpcf7-validates-as-required\" autocomplete=\"name\" aria-required=\"true\" aria-invalid=\"false\" value=\"\" type=\"text\" name=\"nombre\" \/><\/span> <\/label><\/div>\n<\/div>\n\n<div class=\"uacf7-row\">\n<div class=\"uacf7-col-4\"><label> Document type: <\/label> <span class=\"wpcf7-form-control-wrap\" data-name=\"documento\"><span class=\"wpcf7-form-control wpcf7-radio\"><span class=\"wpcf7-list-item first\"><input type=\"radio\" name=\"documento\" value=\"CC\" \/><span class=\"wpcf7-list-item-label\">CC<\/span><\/span><span class=\"wpcf7-list-item\"><input type=\"radio\" name=\"documento\" value=\"NIT\" \/><span class=\"wpcf7-list-item-label\">NIT<\/span><\/span><span class=\"wpcf7-list-item last\"><input type=\"radio\" name=\"documento\" value=\"C.EXT\" \/><span class=\"wpcf7-list-item-label\">C.EXT<\/span><\/span><\/span><\/span><\/div>\n<div class=\"uacf7-col-4\"><label> Identification number: <span class=\"wpcf7-form-control-wrap\" data-name=\"identificacion-numero\"><input class=\"wpcf7-form-control wpcf7-number wpcf7-validates-as-required wpcf7-validates-as-number\" aria-required=\"true\" aria-invalid=\"false\" value=\"\" type=\"number\" name=\"identificacion-numero\" \/><\/span> <\/label><\/div>\n<div class=\"uacf7-col-4\"><label> State: <span class=\"wpcf7-form-control-wrap\" data-name=\"departamento\"><input size=\"40\" maxlength=\"400\" class=\"wpcf7-form-control wpcf7-text wpcf7-validates-as-required\" aria-required=\"true\" aria-invalid=\"false\" value=\"\" type=\"text\" name=\"departamento\" \/><\/span> <\/label><\/div>\n<\/div>\n\n<div class=\"uacf7-row\">\n<div class=\"uacf7-col-4\"><label> City: <span class=\"wpcf7-form-control-wrap\" data-name=\"ciudad\"><input size=\"40\" maxlength=\"400\" class=\"wpcf7-form-control wpcf7-text wpcf7-validates-as-required\" aria-required=\"true\" aria-invalid=\"false\" value=\"\" type=\"text\" name=\"ciudad\" \/><\/span> <\/label><\/div>\n<div class=\"uacf7-col-4\"><label> Adress: <span class=\"wpcf7-form-control-wrap\" data-name=\"direccion\"><input size=\"40\" maxlength=\"400\" class=\"wpcf7-form-control wpcf7-text wpcf7-validates-as-required\" aria-required=\"true\" aria-invalid=\"false\" value=\"\" type=\"text\" name=\"direccion\" \/><\/span> <\/label><\/div>\n<div class=\"uacf7-col-4\"><label> Phone: <span class=\"wpcf7-form-control-wrap\" data-name=\"telefono\"><input size=\"40\" maxlength=\"99999999999\" minlength=\"0000000000\" class=\"wpcf7-form-control wpcf7-tel wpcf7-validates-as-required wpcf7-text wpcf7-validates-as-tel\" autocomplete=\"tel\" aria-required=\"true\" aria-invalid=\"false\" value=\"\" type=\"tel\" name=\"telefono\" \/><\/span> <\/label><\/div>\n<\/div>\n\n\n\n<div class=\"uacf7-row\">\n<div class=\"uacf7-col-12\"><label> Comments: <span class=\"wpcf7-form-control-wrap\" data-name=\"comentarios\"><textarea cols=\"40\" rows=\"10\" maxlength=\"2000\" class=\"wpcf7-form-control wpcf7-textarea wpcf7-validates-as-required\" aria-required=\"true\" aria-invalid=\"false\" name=\"comentarios\"><\/textarea><\/span> <\/label><\/div>\n<\/div>\n\n\n<div class=\"uacf7-row\">\n<div class=\"uacf7-col-12\">\n<span class=\"wpcf7-form-control-wrap\" data-name=\"aceptacion-datos\"><span class=\"wpcf7-form-control wpcf7-acceptance\"><span class=\"wpcf7-list-item\"><label><input type=\"checkbox\" name=\"aceptacion-datos\" value=\"1\" aria-invalid=\"false\" \/><span class=\"wpcf7-list-item-label\">I accept the terms and conditions<\/span><\/label><\/span><\/span><\/span>\n<\/div>\n<\/div>\n\n\n\n\n<input class=\"wpcf7-form-control wpcf7-submit has-spinner\" type=\"submit\" value=\"Send\" \/><\/div><div class=\"wpcf7-response-output\" aria-hidden=\"true\"><\/div>\n<input type=\"hidden\" name=\"trp-form-language\" value=\"en\"\/><\/form>\n<\/div>\n    \n  <\/div>\n<\/div>\n<!-- end Contact Form 7 -->\t\t\t\t<\/div>\n\t\t\t\t<\/div>\n\t\t\t\t\t<\/div>\n\t\t\t\t<\/div>\n\t\t<div class=\"elementor-element elementor-element-762cdac e-flex e-con-boxed e-con e-parent\" data-id=\"762cdac\" data-element_type=\"container\">\n\t\t\t\t\t<div class=\"e-con-inner\">\n\t\t\t\t\t<\/div>\n\t\t\t\t<\/div>\n\t\t\t\t<\/div>","protected":false},"excerpt":{"rendered":"<p>Protecci\u00f3n de Datos PODR\u00c1S VER LOS DOCUMENTOS QUE NECESITAS HACIENDO CLIC EN LOS SIGUIENTES BOTONES MANUAL PROCEDIMIENTOS POLITICAS Y TRATAMIENTO DE DATOS PERSONALES Todos los campos deben ser diligenciados.Si se encuentra inconsistencia o se requiere informaci\u00f3n adicional, Simelca SAS contactar\u00e1 al interesado dentro de los cinco d\u00edas h\u00e1biles siguientes a la recepci\u00f3n de este documento [&hellip;]<\/p>","protected":false},"author":1,"featured_media":0,"parent":0,"menu_order":0,"comment_status":"closed","ping_status":"closed","template":"","meta":{"footnotes":""},"class_list":["post-919","page","type-page","status-publish","hentry"],"_links":{"self":[{"href":"https:\/\/simelca.com.co\/en\/wp-json\/wp\/v2\/pages\/919","targetHints":{"allow":["GET"]}}],"collection":[{"href":"https:\/\/simelca.com.co\/en\/wp-json\/wp\/v2\/pages"}],"about":[{"href":"https:\/\/simelca.com.co\/en\/wp-json\/wp\/v2\/types\/page"}],"author":[{"embeddable":true,"href":"https:\/\/simelca.com.co\/en\/wp-json\/wp\/v2\/users\/1"}],"replies":[{"embeddable":true,"href":"https:\/\/simelca.com.co\/en\/wp-json\/wp\/v2\/comments?post=919"}],"version-history":[{"count":60,"href":"https:\/\/simelca.com.co\/en\/wp-json\/wp\/v2\/pages\/919\/revisions"}],"predecessor-version":[{"id":1403,"href":"https:\/\/simelca.com.co\/en\/wp-json\/wp\/v2\/pages\/919\/revisions\/1403"}],"wp:attachment":[{"href":"https:\/\/simelca.com.co\/en\/wp-json\/wp\/v2\/media?parent=919"}],"curies":[{"name":"wp","href":"https:\/\/api.w.org\/{rel}","templated":true}]}}