{"id":896,"date":"2024-12-18T14:28:41","date_gmt":"2024-12-18T14:28:41","guid":{"rendered":"https:\/\/simelca.com.co\/?page_id=896"},"modified":"2025-09-30T19:44:07","modified_gmt":"2025-09-30T19:44:07","slug":"blog","status":"publish","type":"page","link":"https:\/\/simelca.com.co\/en\/blog\/","title":{"rendered":"Blog"},"content":{"rendered":"<div data-elementor-type=\"wp-page\" data-elementor-id=\"896\" class=\"elementor elementor-896\" data-elementor-post-type=\"page\">\n\t\t\t\t<div class=\"elementor-element elementor-element-4b6a6b8 e-flex e-con-boxed e-con e-parent\" data-id=\"4b6a6b8\" data-element_type=\"container\" data-settings=\"{&quot;background_background&quot;:&quot;classic&quot;}\">\n\t\t\t\t\t<div class=\"e-con-inner\">\n\t\t<div class=\"elementor-element elementor-element-5f46c7e e-con-full e-flex e-con e-child\" data-id=\"5f46c7e\" data-element_type=\"container\" data-settings=\"{&quot;background_background&quot;:&quot;classic&quot;}\">\n\t\t<div class=\"elementor-element elementor-element-51a0bd7 e-con-full e-flex e-con e-child\" data-id=\"51a0bd7\" data-element_type=\"container\" data-settings=\"{&quot;sticky&quot;:&quot;top&quot;,&quot;sticky_offset&quot;:100,&quot;sticky_parent&quot;:&quot;yes&quot;,&quot;sticky_on&quot;:[&quot;widescreen&quot;,&quot;desktop&quot;,&quot;laptop&quot;,&quot;tablet&quot;],&quot;sticky_effects_offset_mobile&quot;:10,&quot;sticky_effects_offset&quot;:0,&quot;sticky_anchor_link_offset&quot;:0}\">\n\t\t<div class=\"elementor-element elementor-element-c0c7d0b e-con-full e-flex e-con e-child\" data-id=\"c0c7d0b\" data-element_type=\"container\">\n\t\t\t\t<div class=\"elementor-element elementor-element-d21cf6e elementor-widget__width-initial elementor-widget elementor-widget-heading\" data-id=\"d21cf6e\" data-element_type=\"widget\" data-widget_type=\"heading.default\">\n\t\t\t\t\t<h2 class=\"elementor-heading-title elementor-size-default\">Discover<\/h2>\t\t\t\t<\/div>\n\t\t\t\t<div class=\"elementor-element elementor-element-b58a7be elementor-widget elementor-widget-heading\" data-id=\"b58a7be\" data-element_type=\"widget\" data-widget_type=\"heading.default\">\n\t\t\t\t\t<h2 class=\"elementor-heading-title elementor-size-default\"> All the news and updates we have for you<\/h2>\t\t\t\t<\/div>\n\t\t\t\t<div class=\"elementor-element elementor-element-98d36cb elementor-hidden-desktop elementor-widget elementor-widget-ucaddon_posts_search_filter\" data-id=\"98d36cb\" data-element_type=\"widget\" data-widget_type=\"ucaddon_posts_search_filter.default\">\n\t\t\t\t<div class=\"elementor-widget-container\">\n\t\t\t\t\t\n<!-- start Search Filter -->\n\t\t<link id='font-awesome-css' href='https:\/\/simelca.com.co\/wp-content\/plugins\/unlimited-elements-for-elementor\/assets_libraries\/font-awesome6\/fontawesome-all.min.css' type='text\/css' rel='stylesheet' >\n\t\t<link id='font-awesome-4-shim-css' href='https:\/\/simelca.com.co\/wp-content\/plugins\/unlimited-elements-for-elementor\/assets_libraries\/font-awesome6\/fontawesome-v4-shims.min.css' type='text\/css' rel='stylesheet' >\n\n<style>\/* widget: Search Filter *\/\n\n#uc_posts_search_filter_elementor_98d36cb-wrapper\n{\n  display:flex;\n}\n\n#uc_posts_search_filter_elementor_98d36cb\n{\n  width:100%;\n}\n#uc_posts_search_filter_elementor_98d36cb .uc-search-filter__input\n{\n  width:100%;\n  flex-grow:1;\n}\n\n#uc_posts_search_filter_elementor_98d36cb .uc-search-filter-btn\n{\n  display:flex;\n  align-items:center;\n  flex-grow:0;\n  flex-shrink:0;\n}\n\n#uc_posts_search_filter_elementor_98d36cb .uc-search-filter-input-wrapper\n{\n  position: relative;\n  display:flex;\n  align-items:center;\n}\n\n\n#uc_posts_search_filter_elementor_98d36cb .uc-search-filter-btn .ue-btn-icon\n{\n  line-height:1em;\n}\n\n\n\n#uc_posts_search_filter_elementor_98d36cb .uc-search-filter-btn .ue-btn-icon svg\n{\n  height:1em;\n  width:1em;\n}\n\n#uc_posts_search_filter_elementor_98d36cb ::-webkit-input-placeholder { \/* Edge *\/\n  color: #000000B3;\n}\n\n#uc_posts_search_filter_elementor_98d36cb :-ms-input-placeholder { \/* Internet Explorer 10-11 *\/\n  color: #000000B3;\n}\n\n#uc_posts_search_filter_elementor_98d36cb ::placeholder {\n  color: #000000B3;\n}\n\n#uc_posts_search_filter_elementor_98d36cb .uc-search-filter-indicator{\n\tposition: absolute;\n  \ttop: 50%;\n    transform: translate(0, -50%);\n    height: 100%;\n  \tdisplay: flex;\n    align-items: center;\n    justify-content: center;\n}\n\n<\/style>\n\n<div class=\"uc-search-filter-wrapper\" id=\"uc_posts_search_filter_elementor_98d36cb-wrapper\" >\n  <div id=\"uc_posts_search_filter_elementor_98d36cb\" class=\"uc-search-filter uc-grid-filter\" data-filtertype=\"search\"  > \n\n       \n      \t<div class=\"uc-search-filter-label\">Buscar temas...<\/div>\n      \n      <div class=\"uc-search-filter-input-wrapper\">\n\n        <input type=\"text\" class=\"uc-search-filter__input\" placeholder=\"Buscar...\">\n\n        \n                      <div class=\"uc-search-filter-indicator\"><i class='fas fa-search'><\/i><\/div>\n          \n\n      <\/div>\n\n  <\/div>\n<\/div>\n<!-- end Search Filter -->\t\t\t\t<\/div>\n\t\t\t\t<\/div>\n\t\t\t\t<div class=\"elementor-element elementor-element-5f8fd29 elementor-hidden-desktop elementor-widget elementor-widget-ucaddon_ue_sort_filter\" data-id=\"5f8fd29\" data-element_type=\"widget\" data-widget_type=\"ucaddon_ue_sort_filter.default\">\n\t\t\t\t<div class=\"elementor-widget-container\">\n\t\t\t\t\t\n<!-- start Sorting Filter -->\n\n<style>\/* widget: Sorting Filter *\/\n\n#uc_ue_sort_filter_elementor_5f8fd29.uc-sort-filter{\n  \tdisplay:flex;\n}\n#uc_ue_sort_filter_elementor_5f8fd29 label{\n  flex-shrink: 0;\n    width:100%;\n  }\n\n#uc_ue_sort_filter_elementor_5f8fd29.uc-sort-filter select{\n  \tdisplay:inline-block;\n}\n#uc_ue_sort_filter_elementor_5f8fd29 .uc-sort-filter-orderby-wrapper, #uc_ue_sort_filter_elementor_5f8fd29 .uc-sort-filter-orderdir-wrapper {\n  display:flex;\n  position:relative;\n}\n#uc_ue_sort_filter_elementor_5f8fd29 .orderby-select-wrapper{\n  position:relative;\n}\n\n#uc_ue_sort_filter_elementor_5f8fd29 select{\n cursor:pointer;\n}\n#uc_ue_sort_filter_elementor_5f8fd29 select{\n\t-webkit-appearance: none;\n    -moz-appearance: none;\n    appearance:\u00a0none;\n}\n\n#uc_ue_sort_filter_elementor_5f8fd29 .ue-sorting-filter_select-indicator{\n\tposition: absolute;\n  \ttop: 50%;\n  \ttransform: translate(0, -50%);\n  \tz-index: 1;\n  \theight: 100%;\n    display: flex;\n    align-items: center;\n    justify-content: center;\n  \tpointer-events: none;\n}\n#uc_ue_sort_filter_elementor_5f8fd29 .ue-sorting-filter_select-indicator svg{\n  width:1em;\n  height:1em;\n}\n\n\n#uc_ue_sort_filter_elementor_5f8fd29  .orderby-select-wrapper{\n  width:100%;\n}\n\n<\/style>\n\n\n<div id=\"uc_ue_sort_filter_elementor_5f8fd29\" class=\"uc-grid-filter uc-sort-filter\" data-filtertype=\"general\" data-generaltype=\"sort\" >\n  \n  <div class=\"uc-sort-filter-orderby-wrapper\">\n    <label id=\"uc_ue_sort_filter_elementor_5f8fd29_label_orderby\" for=\"uc-sort-filter-orderby\">Ordenar por:<\/label>   <div class=\"orderby-select-wrapper\">\n    <select id=\"uc-sort-filter-orderby\" class=\"uc-sort-filter__select\" data-type=\"orderby\" data-initval=\"auto\">\n    \n              \t    \t       \t      \n      \t<option value=\"date\" >Fecha<\/option>\n          \t    \t       \t      \n      \t<option value=\"title\" >Name<\/option>\n        \n    <\/select>\n    <div class=\"ue-sorting-filter_select-indicator\"><i class='fas fa-angle-down'><\/i><\/div>   <\/div>\n  <\/div>\n  \t\n   <div class=\"uc-sort-filter-orderdir-wrapper\">\n         <div class=\"orderby-select-wrapper\">\n     <select id=\"uc-sort-filter-orderdir\" class=\"uc-sort-filter__select-dir\" data-type=\"orderdir\" data-initval=\"desc\" >\n      \t<option value=\"default\"  >Default<\/option>\n      \t<option value=\"asc\"  >Ascendente<\/option>\n      \t<option value=\"desc\" selected>Descendente<\/option>\n     <\/select>\n     <div class=\"ue-sorting-filter_select-indicator\"><i class='fas fa-angle-down'><\/i><\/div>    <\/div>\n  <\/div>\n<\/div>\n<!-- end Sorting Filter -->\t\t\t\t<\/div>\n\t\t\t\t<\/div>\n\t\t\t\t<\/div>\n\t\t\t\t<\/div>\n\t\t\t\t<\/div>\n\t\t<div class=\"elementor-element elementor-element-8a8ce48 e-con-full e-flex e-con e-child\" data-id=\"8a8ce48\" data-element_type=\"container\">\n\t\t<div class=\"elementor-element elementor-element-de441d5 e-con-full e-flex e-con e-child\" data-id=\"de441d5\" data-element_type=\"container\">\n\t\t\t\t<div class=\"elementor-element elementor-element-76db901 elementor-widget elementor-widget-image\" data-id=\"76db901\" data-element_type=\"widget\" data-widget_type=\"image.default\">\n\t\t\t\t\t\t\t\t\t\t\t\t\t\t\t<img fetchpriority=\"high\" decoding=\"async\" width=\"300\" height=\"200\" src=\"https:\/\/simelca.com.co\/wp-content\/uploads\/2025\/01\/mejoramos-nuestro-proceso-img-300x200.jpeg\" class=\"attachment-medium size-medium wp-image-1151\" alt=\"\" srcset=\"https:\/\/simelca.com.co\/wp-content\/uploads\/2025\/01\/mejoramos-nuestro-proceso-img-300x200.jpeg 300w, https:\/\/simelca.com.co\/wp-content\/uploads\/2025\/01\/mejoramos-nuestro-proceso-img-768x512.jpeg 768w, https:\/\/simelca.com.co\/wp-content\/uploads\/2025\/01\/mejoramos-nuestro-proceso-img-18x12.jpeg 18w, https:\/\/simelca.com.co\/wp-content\/uploads\/2025\/01\/mejoramos-nuestro-proceso-img-600x400.jpeg 600w, https:\/\/simelca.com.co\/wp-content\/uploads\/2025\/01\/mejoramos-nuestro-proceso-img-64x43.jpeg 64w, https:\/\/simelca.com.co\/wp-content\/uploads\/2025\/01\/mejoramos-nuestro-proceso-img.jpeg 1000w\" sizes=\"(max-width: 300px) 100vw, 300px\" \/>\t\t\t\t\t\t\t\t\t\t\t\t\t\t\t<\/div>\n\t\t\t\t<div class=\"elementor-element elementor-element-8b55643 elementor-widget elementor-widget-heading\" data-id=\"8b55643\" data-element_type=\"widget\" data-widget_type=\"heading.default\">\n\t\t\t\t\t<h3 class=\"elementor-heading-title elementor-size-default\">We are improving our processes<\/h3>\t\t\t\t<\/div>\n\t\t\t\t<div class=\"elementor-element elementor-element-ddf0fe4 elementor-widget elementor-widget-text-editor\" data-id=\"ddf0fe4\" data-element_type=\"widget\" data-widget_type=\"text-editor.default\">\n\t\t\t\t\t\t\t\t\t<p>With the objective of continuing to contribute to the care of the environment...<\/p>\t\t\t\t\t\t\t\t<\/div>\n\t\t\t\t<div class=\"elementor-element elementor-element-6784363 elementor-align-center elementor-widget elementor-widget-button\" data-id=\"6784363\" data-element_type=\"widget\" data-widget_type=\"button.default\">\n\t\t\t\t\t\t\t\t\t\t<a class=\"elementor-button elementor-button-link elementor-size-sm\" href=\"https:\/\/simelca.com.co\/en\/2025\/01\/22\/mejoramos-nuestros-procesos\/\" target=\"_blank\">\n\t\t\t\t\t\t<span class=\"elementor-button-content-wrapper\">\n\t\t\t\t\t\t\t\t\t<span class=\"elementor-button-text\">See more<\/span>\n\t\t\t\t\t<\/span>\n\t\t\t\t\t<\/a>\n\t\t\t\t\t\t\t\t<\/div>\n\t\t\t\t<\/div>\n\t\t\t\t<\/div>\n\t\t\t\t\t<\/div>\n\t\t\t\t<\/div>\n\t\t<div class=\"elementor-element elementor-element-feb4bba e-grid e-con-full e-con e-parent\" data-id=\"feb4bba\" data-element_type=\"container\">\n\t\t\t\t<div class=\"elementor-element elementor-element-78f1e0a elementor-widget elementor-widget-text-editor\" data-id=\"78f1e0a\" data-element_type=\"widget\" data-widget_type=\"text-editor.default\">\n\t\t\t\t\t\t\t\t\t<p style=\"text-align: center;\"><strong>\u00a1Feliz Aniversario!<\/strong><\/p><p>Hoy celebramos 48 a\u00f1os de dedicaci\u00f3n y compromiso con la excelencia.<br \/>Gracias a nuestros colaboradores por el trabajo y la pasi\u00f3n. Su contribuci\u00f3n ha sido fundamental para nuestro \u00e9xito.<\/p>\t\t\t\t\t\t\t\t<\/div>\n\t\t\t\t<div class=\"elementor-element elementor-element-aefa4fa elementor-widget elementor-widget-video\" data-id=\"aefa4fa\" data-element_type=\"widget\" data-settings=\"{&quot;youtube_url&quot;:&quot;https:\\\/\\\/www.youtube.com\\\/shorts\\\/A0N2iNu5xHI&quot;,&quot;video_type&quot;:&quot;youtube&quot;,&quot;controls&quot;:&quot;yes&quot;}\" data-widget_type=\"video.default\">\n\t\t\t\t\t\t\t<div class=\"elementor-wrapper elementor-open-inline\">\n\t\t\t<div class=\"elementor-video\"><\/div>\t\t<\/div>\n\t\t\t\t\t\t<\/div>\n\t\t\t\t<\/div>\n\t\t\t\t<\/div>","protected":false},"excerpt":{"rendered":"<p>Descubre Todas las noticias y novedades que tenemos para ti Buscar temas&#8230; Ordenar por: FechaNombre DefaultAscendenteDescendente Mejoramos nuestros procesos Con el objetivo de seguir sumando al cuidado del medio&#8230; Ver m\u00e1s \u00a1Feliz Aniversario! Hoy celebramos 48 a\u00f1os de dedicaci\u00f3n y compromiso con la excelencia.Gracias a nuestros colaboradores por el trabajo y la pasi\u00f3n. Su contribuci\u00f3n [&hellip;]<\/p>","protected":false},"author":1,"featured_media":0,"parent":0,"menu_order":0,"comment_status":"closed","ping_status":"closed","template":"","meta":{"footnotes":""},"class_list":["post-896","page","type-page","status-publish","hentry"],"_links":{"self":[{"href":"https:\/\/simelca.com.co\/en\/wp-json\/wp\/v2\/pages\/896","targetHints":{"allow":["GET"]}}],"collection":[{"href":"https:\/\/simelca.com.co\/en\/wp-json\/wp\/v2\/pages"}],"about":[{"href":"https:\/\/simelca.com.co\/en\/wp-json\/wp\/v2\/types\/page"}],"author":[{"embeddable":true,"href":"https:\/\/simelca.com.co\/en\/wp-json\/wp\/v2\/users\/1"}],"replies":[{"embeddable":true,"href":"https:\/\/simelca.com.co\/en\/wp-json\/wp\/v2\/comments?post=896"}],"version-history":[{"count":43,"href":"https:\/\/simelca.com.co\/en\/wp-json\/wp\/v2\/pages\/896\/revisions"}],"predecessor-version":[{"id":2062,"href":"https:\/\/simelca.com.co\/en\/wp-json\/wp\/v2\/pages\/896\/revisions\/2062"}],"wp:attachment":[{"href":"https:\/\/simelca.com.co\/en\/wp-json\/wp\/v2\/media?parent=896"}],"curies":[{"name":"wp","href":"https:\/\/api.w.org\/{rel}","templated":true}]}}