{"id":1544,"date":"2025-03-11T22:00:04","date_gmt":"2025-03-11T22:00:04","guid":{"rendered":"https:\/\/simelca.com.co\/?page_id=1544"},"modified":"2025-03-12T18:05:08","modified_gmt":"2025-03-12T18:05:08","slug":"acepto-aviso-de-privacidad","status":"publish","type":"page","link":"https:\/\/simelca.com.co\/en\/acepto-aviso-de-privacidad\/","title":{"rendered":"Accept Privacy Notice"},"content":{"rendered":"<div data-elementor-type=\"wp-page\" data-elementor-id=\"1544\" class=\"elementor elementor-1544\" data-elementor-post-type=\"page\">\n\t\t\t\t<div class=\"elementor-element elementor-element-6cbf9b2 e-flex e-con-boxed e-con e-parent\" data-id=\"6cbf9b2\" data-element_type=\"container\">\n\t\t\t\t\t<div class=\"e-con-inner\">\n\t\t<div class=\"elementor-element elementor-element-4356d9d e-con-full e-flex e-con e-child\" data-id=\"4356d9d\" data-element_type=\"container\">\n\t\t\t\t<\/div>\n\t\t\t\t<div class=\"elementor-element elementor-element-f89e35c elementor-widget elementor-widget-heading\" data-id=\"f89e35c\" data-element_type=\"widget\" data-widget_type=\"heading.default\">\n\t\t\t\t\t<h2 class=\"elementor-heading-title elementor-size-default\">AVISO DE PRIVACIDAD<\/h2>\t\t\t\t<\/div>\n\t\t\t\t<div class=\"elementor-element elementor-element-49c8b0d elementor-widget elementor-widget-text-editor\" data-id=\"49c8b0d\" data-element_type=\"widget\" data-widget_type=\"text-editor.default\">\n\t\t\t\t\t\t\t\t\t<p>En mi calidad de titular de datos conforme a los t\u00e9rminos de la ley 1581 de 2012 autorizo de manera expresa, previa e informada a SIMELCA S.A.S, el tratamiento de mis datos personales relacionados con informaci\u00f3n, datos de contacto e imagen para que como Responsable del Tratamiento pueda tratarlos para finalidades comerciales, publicidad, administrativa en redes sociales y de marketing a fin de realizar el objeto social de tal entidad y en especial para venta de productos de metal el\u00e9ctrica, pl\u00e1sticos, el\u00e9ctricos y electr\u00f3nicos y otros insumos industriales o comerciales y para ser contactado para el eventual inicio de procesos de selecci\u00f3n o vinculaci\u00f3n laboral, civil o comercial. En desarrollo de este aviso de privacidad reconozco que he sido informado de mis derechos de conocer, actualizar, rectificar mis datos personales, solicitar prueba de la autorizaci\u00f3n, ser informado previa solicitud, respecto del uso que se ha dado a sus datos personales, presentar ante la Superintendencia de Industria y Comercio quejas por infracciones a lo dispuesto en la ley 1581 de 2012. Sus solicitudes podr\u00e1n ser presentadas mediante el correo electr\u00f3nico a cumplimientoy podr\u00e1s encontrar nuestra pol\u00edtica de tratamiento de datos personales en nuestra p\u00e1gina web<\/p>\t\t\t\t\t\t\t\t<\/div>\n\t\t<div class=\"elementor-element elementor-element-6a142a6 e-con-full e-flex e-con e-child\" data-id=\"6a142a6\" data-element_type=\"container\">\n\t\t\t\t<\/div>\n\t\t\t\t\t<\/div>\n\t\t\t\t<\/div>\n\t\t\t\t<\/div>","protected":false},"excerpt":{"rendered":"<p>AVISO DE PRIVACIDAD En mi calidad de titular de datos conforme a los t\u00e9rminos de la ley 1581 de 2012 autorizo de manera expresa, previa e informada a SIMELCA S.A.S, el tratamiento de mis datos personales relacionados con informaci\u00f3n, datos de contacto e imagen para que como Responsable del Tratamiento pueda tratarlos para finalidades comerciales, [&hellip;]<\/p>","protected":false},"author":1,"featured_media":0,"parent":0,"menu_order":0,"comment_status":"closed","ping_status":"closed","template":"","meta":{"footnotes":""},"class_list":["post-1544","page","type-page","status-publish","hentry"],"_links":{"self":[{"href":"https:\/\/simelca.com.co\/en\/wp-json\/wp\/v2\/pages\/1544","targetHints":{"allow":["GET"]}}],"collection":[{"href":"https:\/\/simelca.com.co\/en\/wp-json\/wp\/v2\/pages"}],"about":[{"href":"https:\/\/simelca.com.co\/en\/wp-json\/wp\/v2\/types\/page"}],"author":[{"embeddable":true,"href":"https:\/\/simelca.com.co\/en\/wp-json\/wp\/v2\/users\/1"}],"replies":[{"embeddable":true,"href":"https:\/\/simelca.com.co\/en\/wp-json\/wp\/v2\/comments?post=1544"}],"version-history":[{"count":19,"href":"https:\/\/simelca.com.co\/en\/wp-json\/wp\/v2\/pages\/1544\/revisions"}],"predecessor-version":[{"id":1587,"href":"https:\/\/simelca.com.co\/en\/wp-json\/wp\/v2\/pages\/1544\/revisions\/1587"}],"wp:attachment":[{"href":"https:\/\/simelca.com.co\/en\/wp-json\/wp\/v2\/media?parent=1544"}],"curies":[{"name":"wp","href":"https:\/\/api.w.org\/{rel}","templated":true}]}}